{"id":1702,"date":"2021-09-16T21:38:27","date_gmt":"2021-09-16T12:38:27","guid":{"rendered":"https:\/\/joyfulroom.net\/?page_id=1702"},"modified":"2025-07-18T22:37:19","modified_gmt":"2025-07-18T13:37:19","slug":"estamos-realizando-teste-de-inteligencia-em-portugues","status":"publish","type":"page","link":"https:\/\/joyfulroom.net\/?page_id=1702","title":{"rendered":"Estamos realizando teste de intelig\u00eancia em Portugu\u00eas"},"content":{"rendered":"<ol>\n<li>Nome da p\u00e1gina<\/li>\n<\/ol>\n<p>\u30dd\u30eb\u30c8\u30ac\u30eb\u8a9e\u3067\u77e5\u80fd\u691c\u67fb\u3092\u5b9f\u65bd\u3057\u307e\u3059\u3000Estamos realizando teste de intelig\u00eancia em Portugu\u00eas<\/p>\n<p>&nbsp;<\/p>\n<p>2.\u5185\u5bb9 2. Conte\u00fado<\/p>\n<p>\u304a\u5b50\u3055\u3093\u306e\u300c\u5f97\u610f\u3068\u4e0d\u5f97\u610f\u306a\u70b9\u300d\u3092\u77e5\u80fd\u691c\u67fb\u3067\u8abf\u3079\u307e\u3059\u3002<\/p>\n<p>Avaliaremos os &#8220;pontos fortes e fracos&#8221; do seu filho atrav\u00e9s do teste de intelig\u00eancia.<\/p>\n<p>&nbsp;<\/p>\n<p>&nbsp;<\/p>\n<p>\u5b50\u3069\u3082\u306e\u5f97\u610f\u3068\u4e0d\u5f97\u610f\u306a\u70b9\u304c\u5206\u304b\u308c\u3070\u3001\u305d\u306e\u5b50\u306e\u529b\u3092\u6700\u5927\u9650\u5f15\u304d\u51fa\u3059\u5b66\u7fd2\u65b9\u6cd5\u3092\u5de5\u592b\u3059\u308b\u3053\u3068\u304c\u3067\u304d\u3001\u52c9\u5f37\u3084\u5b66\u6821\u751f\u6d3b\u306b\u5bfe\u3059\u308b\u81ea\u4fe1\u3068\u610f\u6b32\u3092\u4e0e\u3048\u3066\u3042\u3052\u308b\u3053\u3068\u306b\u3064\u306a\u304c\u308a\u307e\u3059\u3002<\/p>\n<p>Ao tomar conhecimento dos pontos fortes e fracos de seu filho, \u00e9\u00a0 poss\u00edvel elaborar um m\u00e9todo de aprendizagem que potencialize os pontos fortes da crian\u00e7a. Consequentemente, ela ir\u00e1 desenvolver confian\u00e7a e motiva\u00e7\u00e3o para estudar, melhorando sua a vida escolar.<\/p>\n<p>&nbsp;<\/p>\n<p>&nbsp;<\/p>\n<p>\u691c\u67fb\u306f\u3001\u6bcd\u8a9e\uff08\u30dd\u30eb\u30c8\u30ac\u30eb\u8a9e\uff09\u3067\u5b9f\u65bd\u3059\u308b\u306e\u3067\u3001\u5b89\u5fc3\u3057\u3066\u53d7\u3051\u3089\u308c\u307e\u3059\u3002\u65e5\u672c\u8a9e\u7248\u3092\u901a\u8a33\u3057\u3066\u884c\u3046\u691c\u67fb\u3067\u306f\u306a\u3044\u306e\u3067\u3001\u304a\u5b50\u3055\u3093\u306e\u6b63\u78ba\u306a\u80fd\u529b\u3092\u6e2c\u5b9a\u3067\u304d\u307e\u3059\u3002<\/p>\n<p>O teste \u00e9 realizado em sua l\u00edngua nativa (portugu\u00eas), para que voc\u00ea possa realiz\u00e1-lo com confian\u00e7a.\u00a0 N\u00e3o \u00e9 um teste traduzido da vers\u00e3o japonesa, ent\u00e3o voc\u00ea pode medir as habilidades precisas de seu filho.<\/p>\n<p>&nbsp;<\/p>\n<ul>\n<li>\u304a\u5b50\u3055\u3093\u304c\u5f97\u610f\u3068\u3059\u308b\u3001\u3084\u308b\u6c17\u304c\u51fa\u308b\u8ab2\u984c\u3068\u306f\uff1f<\/li>\n<li>Se pensarmos nas habilidades de seu filho, no que ele \u00e9 bom?<\/li>\n<\/ul>\n<p>&nbsp;<\/p>\n<p>&nbsp;<\/p>\n<p>&#8211; \u304a\u5b50\u3055\u3093\u304c\u82e6\u624b\u3068\u3059\u308b\u3001\u75b2\u308c\u3084\u3059\u3044\u8ab2\u984c\u3068\u306f\uff1f<\/p>\n<p>Em rela\u00e7\u00e3o \u00e0s dificuldades do seu filho, voc\u00ea percebe que ele n\u00e3o \u00e9 bom ou se cansa ao fazer algo?<\/p>\n<p>&nbsp;<\/p>\n<ul>\n<li>\u3069\u3046\u3057\u305f\u3089\u3001\u3082\u3063\u3068\u697d\u3057\u304f\u3001\u3082\u3063\u3068\u30e9\u30af\u306b\u5b66\u3079\u308b\u306e\uff1f<\/li>\n<\/ul>\n<p>De que forma a crian\u00e7a aprende mais f\u00e1cil e se divertindo?<\/p>\n<p>&nbsp;<\/p>\n<p>&nbsp;<\/p>\n<ol start=\"3\">\n<li>\u767a\u9054\u306e\u51f8\u51f9\u3092\u77e5\u3063\u3066\u3044\u307e\u3059\u304b\uff1f\u767a\u9054\u306e\u51f8\u51f9\u3068\u306f\u3001\u8133\u306e\u767a\u9054\u306e\u9032\u307f\u5177\u5408\u306e\u3053\u3068\u3067\u3001\u4f8b\u3048\u3070\u3001\u4e00\u822c\u7684\u306a\u540c\u4e16\u4ee3\u306e\u5b50\u3069\u3082\u9054\u306e\u77e5\u7684\u767a\u9054\u3068\u6bd4\u3079\u3066\u3001\u300c\u9032\u3093\u3067\u3044\u308b\u3068\u3053\u308d\u300d\u300c\u9045\u308c\u3066\u3044\u308b\u3068\u3053\u308d\u300d\u306e\u305d\u308c\u305e\u308c\u3092\u6307\u3057\u307e\u3059\u3002<\/li>\n<li>Voc\u00ea sabia que existem irregularidades (desn\u00edveis ) do desenvolvimento? Essas irregularidades apontam como est\u00e1 progredindo o desenvolvimento cerebral, como por exemplo se est\u00e1 \u201cAvan\u00e7ado\u201dou \u201cAtrasado\u201dem rela\u00e7\u00e3o ao desenvolvimento intelectual de crian\u00e7as na mesma faixa et\u00e1ria.<\/li>\n<\/ol>\n<p>&nbsp;<\/p>\n<p>&nbsp;<\/p>\n<p>\u767a\u9054\u306e\u51f8\u51f9\u304c\u5927\u304d\u3044\u5b50\u3069\u3082\u9054\u306f\u3001\u3044\u308d\u3093\u306a\u554f\u984c\u884c\u52d5\u3092\u901a\u3057\u3066\u3001\u5468\u308a\u306e\u5927\u4eba\u306bSOS\uff08\u30d8\u30eb\u30d7\u30b5\u30a4\u30f3\uff09\u3092\u51fa\u3057\u307e\u3059\u3002<\/p>\n<p>Crian\u00e7as com grandes d\u00e9ficits no desenvolvimento sinalizam o pedido de ajuda, aos adultos, por\u00a0\u00a0 meio de v\u00e1rios comportamentos problem\u00e1ticos como:<\/p>\n<p>&nbsp;<\/p>\n<p>&nbsp;<\/p>\n<p>&nbsp;<\/p>\n<p>&nbsp;<\/p>\n<p>&#8211; \u597d\u304d\u306a\u4e8b\u306b\u306f\u96c6\u4e2d\u3067\u304d\u308b\u304c\u3001\u8208\u5473\u306e\u306a\u3044\u4e8b\u306b\u306f\u96c6\u4e2d\u304c\u7d9a\u304b\u306a\u3044\u3002<\/p>\n<p>Consegue se concentrar no que gosta, mas n\u00e3o se concentra no que n\u00e3o lhe interessa;<\/p>\n<p>&nbsp;<\/p>\n<p>&#8211; \u3061\u3087\u3063\u3068\u3057\u305f\u4e8b\u306b\u3082\u6012\u308b\u3001\u5acc\u304c\u308b\u3001\u6016\u304c\u308b\u3002<\/p>\n<p>Fica bravo(a), se irrita, ou se assusta por pouca coisa;<\/p>\n<p>&nbsp;<\/p>\n<p>&#8211; \u52d5\u304d\u56de\u3063\u305f\u308a\u3001\u843d\u3061\u7740\u304b\u306a\u3044\u3002\u96c6\u56e3\u5834\u9762\u3084\u4eba\u6df7\u307f\u3092\u5acc\u304c\u308b\u3002\u5b50\u80b2\u3066\u304c\u3057\u3065\u3089\u3044\u3002<\/p>\n<p>Fica inquieto, n\u00e3o se acalma. Se incomoda quando est\u00e1 em grupo ou no meio de muitas pessoas. S\u00e3o crian\u00e7as\u00a0 dif\u00edceis de lidar.<\/p>\n<p>&nbsp;<\/p>\n<ul>\n<li>\u3053\u3060\u308f\u308a\u304c\u5f37\u3044\uff08\u98df\u3079\u7269\u3001\u5302\u3044\u3001\u97f3\u3001\u30eb\u30fc\u30eb\u306a\u3069\uff09\u3002<\/li>\n<\/ul>\n<p>Fortes quest\u00f5es e resist\u00eancias com (tipo de comidas, cheiros, sons, regras, etc.)<\/p>\n<p>&nbsp;<\/p>\n<p>&nbsp;<\/p>\n<p>4.\u767a\u9054\u306e\u51f8\u51f9\u306f\u5fc3\u306e\u75c5\u6c17\u306b\u3082\u3064\u306a\u304c\u308b\u767a\u9054\u306e\u51f8\u51f9\u306e\u3042\u308b\u5b50\u4f9b\u305f\u3061\u306f\u3001\u4e0d\u5b89\u75c7\u3084\u3046\u3064\u75c5\u3068\u3044\u3063\u305f\u5fc3\u306e\u75c5\u6c17\u306b\u304b\u304b\u308a\u3084\u3059\u304b\u3063\u305f\u308a\u3001\u4e0d\u767b\u6821\u3084\u975e\u884c\u3068\u3044\u3063\u305f\u4e8c\u6b21\u7684\u306a\u554f\u984c\u3092\u62b1\u3048\u305f\u308a\u3059\u308b\u3053\u3068\u304c\u3088\u304f\u3042\u308a\u307e\u3059\u3002\u3067\u3082\u3001\u305d\u306e\u51f8\u51f9\u306e\u5b58\u5728\u3092\u3001\u65e9\u671f\u306b\u5468\u308a\u304c\u6c17\u3065\u304d\u3001\u305d\u306e\u305f\u3081\u306e\u30a8\u592b\uff08\u74b0\u5883\u3065\u304f\u308a\uff09\u3092\u3057\u3066\u3042\u3052\u308b\u3053\u3068\u3067\u3001\u4e8c\u6b21\u7684\u306a\u554f\u984c\u306e\u767a\u751f\u3068\u60aa\u5316\u3092\u9632\u3050\u3053\u3068\u304c\u3067\u304d\u305f\u308a\u305d\u306e\u5b50\u306e\u300c\u9577\u6240\u3092\u3055\u3089\u306b\u4f38\u3070\u3057\u3066\u4e0a\u3052\u308b\u300d\u3053\u3068\u306b\u3082\u3064\u306a\u304c\u308a\u307e\u3059\uff0e\u767a\u9054\u306e\u51f9\u51f8\u306f\u3001\u77e5\u80fd\u691c\u67fb (WISC) \u3067\u8abf\u3079\u308b\u3053\u3068\u304c\u3067\u304d\u307e\u3059\u3002<\/p>\n<ol start=\"4\">\n<li>4. As defici\u00eancias do desenvolvimento tamb\u00e9m podem tamb\u00e9m estar relacionadas a doen\u00e7as mentais. Crian\u00e7as com d\u00e9ficits de desenvolvimento s\u00e3o suscet\u00edveis a doen\u00e7as mentais, como ansiedade e depress\u00e3o, tendo como consequ\u00eancia problemas secund\u00e1rios, como recusa escolar e m\u00e1 Por\u00e9m, ao perceber a exist\u00eancia de desn\u00edveis numa fase inicial e criar um ambiente adequado para a crian\u00e7a, \u00e9 poss\u00edvel prevenir a ocorr\u00eancia e agravamento de problemas secund\u00e1rios e potencializar as capacidades da crian\u00e7a. Esses desn\u00edveis do desenvolvimento da crian\u00e7a podem ser avaliadas por um teste de chamado WISC-IV.<\/li>\n<\/ol>\n<p>&nbsp;<\/p>\n<p>&nbsp;<\/p>\n<ol start=\"5\">\n<li>5. \u77e5\u80fd\u691c\u67fb<\/li>\n<\/ol>\n<p>WISC-IV \u306f\u3001\u4e16\u754c\u7684\u306b\u4f7f\u7528\u3055\u308c\u308b\u5150\u7ae5\u7528\u306e\u77e5\u80fd\u3067\u3059(\u30d6\u30e9\u30b8\u30eb\u56fd\u5185\u3067\u3082)\u3002<\/p>\n<ol start=\"5\">\n<li>5. O WISC-IV \u00e9 um teste utilizado para avaliar crian\u00e7as no mundo todo (incluindo Brasil)<\/li>\n<\/ol>\n<p>&nbsp;<\/p>\n<p>WISC \u77e5\u80fd\u691c\u67fb\u306e\u7d50\u679c\u306f\u3001\u5b66\u6821\u3084\u5bb6\u5ead\u3068\u3082\u5171\u6709\u3059\u308b\u3053\u3068\u304c\u3067\u304d\u3001\u5b66\u6821\u3084\u5bb6\u5ead\u751f\u6d3b\u3067\u304a\u5b50\u3055\u3093\u304a\u3084\u308b\u6c17\u3068\u81ea\u4fe1(\u81ea\u5c0a\u5fc3) \u3092\u5f15\u304d\u51fa\u3057\u3066\u3042\u3052\u308b\u3053\u3068\u306b\u5f79\u7acb\u3061\u307e\u3059\u3002<\/p>\n<p>Os resultados do teste WISC podem ser compartilhados com a fam\u00edlia e com a escola, possibilitando orienta\u00e7\u00f5es de como potencializar as capacidades da crian\u00e7a e motiv\u00e1-la para as atividades da escola.<\/p>\n<p>&nbsp;<\/p>\n<p>&nbsp;<\/p>\n<p>\u5f53\u76f8\u8ac7\u5ba4\u3067\u306f\u3001WISC- IV \u3092\u30dd\u30eb\u30c8\u30ac\u30eb\u8a9e\u3067\u5b9f\u65bd\u3057\u307e\u3059\u3002\u691c\u67fb\u8005\u3082\u30d6\u30e9\u30b8\u30eb\u51fa\u8eab\u5fc3\u7406\u5c02\u9580\u5bb6\u3067\u3042\u308a\u3001\u5b89\u5fc3\u3057\u3066\u691c\u67fb\u3092\u53d7\u3051\u308b\u3053\u3068\u304c\u3067\u304d\u307e\u3059\u3002<\/p>\n<p>O teste WISC ser\u00e1 aplicado e conduzido em nossa sala de atendimento, em portugu\u00eas, por uma psic\u00f3loga do Brasil, garantindo confian\u00e7a e tranquilidade.<\/p>\n<p>&nbsp;<\/p>\n<p>&nbsp;<\/p>\n<p>\u307e\u305f\u3001\u691c\u67fb\u30ec\u30dd\u30fc\u30c8\u306f\u3001\u30dd\u30eb\u30c8\u30ac\u30eb\u8a9e\u3068\u65e5\u672c\u8a9e\u3067\u4f5c\u6210\u3057\u307e\u3059\u3002\u65e5\u672c\u306e\u5b66\u6821\u3084\u884c\u653f\u3068\u9023\u643a\u3059\u308b\u969b\u306b\u4f7f\u3048\u307e\u3059\u3057\u3001\u3082\u3061\u308d\u3093\u3001\u5e30\u56fd\u3057\u305f\u5f8c\u3067\u3082\u4f7f\u3048\u307e\u3059\u3002<\/p>\n<p>Al\u00e9m disso, o relat\u00f3rio do teste ser\u00e1 redigido nos dois idiomas (portugu\u00eas e japon\u00eas). Este relat\u00f3rio\u00a0 poder\u00e1 ser utilizado nas escolas, \u00f3rg\u00e3os governamentais, e claro, quando retornar ao seu pa\u00eds tamb\u00e9m.<\/p>\n<p>&nbsp;<\/p>\n<p>&nbsp;<\/p>\n<ol start=\"6\">\n<li>\u4ed6\u306e\u8af8\u691c\u67fb<\/li>\n<\/ol>\n<p>\u8840\u306e\u691c\u67fb\u306b\u52a0\u3048\u3066\u3001\u3044\u304f\u3064\u304b\u306e\u767a\u9054\u9762\uff08\u767a\u9054\u969c\u5bb3\uff09\u306b\u95a2\u3059\u308b\u30b9\u30af\u30ea\u30fc\u30cb\u30f3\u30b0\u3051\u3093\u3055\u3082\u5b9f\u65bd\u3057\u307e\u3059\u3002<\/p>\n<ul>\n<li>\u6291\u3046\u3064\u50be\u5411\u306e\u691c\u67fb\u3002<\/li>\n<li>\u611f\u899a\u306e\u7279\u6027\u306e\u691c\u67fb\u3002<\/li>\n<li>ADHD \u306e\u691c\u67fb\u3002<\/li>\n<li>\u81ea\u9589\u30b9\u30da\u30af\u30c8\u30e9\u30e0\u75c7\u306e\u691c\u67fb\u3002<\/li>\n<\/ul>\n<p>&nbsp;<\/p>\n<ol start=\"6\">\n<li>Outros testes<\/li>\n<\/ol>\n<p>&nbsp;<\/p>\n<p>Al\u00e9m do teste de intelig\u00eancia, tamb\u00e9m realizamos testes de triagem para alguns aspectos do desenvolvimento (dist\u00farbios de desenvolvimento)<\/p>\n<p>&nbsp;<\/p>\n<ul>\n<li>Teste de avalia\u00e7\u00e3o para depress\u00e3o;<\/li>\n<li>Teste para avalia\u00e7\u00e3o sensorial;<\/li>\n<li>Teste para TDAH (Transtorno do D\u00e9ficit de Aten\u00e7\u00e3o com Hiperatividade)<\/li>\n<li>Teste para Transtornos do Espectro Autista.<\/li>\n<\/ul>\n<p>&nbsp;<\/p>\n<p>&nbsp;<\/p>\n<ol start=\"7\">\n<li>\u5bfe\u8c61\u8005<\/li>\n<\/ol>\n<ul>\n<li>5\u6b73\u301c16\u6b73\u306e\u304a\u5b50\u3055\u3093<\/li>\n<\/ul>\n<ol start=\"7\">\n<li>7. P\u00fablico Alvo:<\/li>\n<\/ol>\n<ul>\n<li>Crian\u00e7as de 5 \u301c16 anos<\/li>\n<\/ul>\n<p>&nbsp;<\/p>\n<ol start=\"8\">\n<li>\u6599\u91d1\u4f53\u7cfb\u3000Valores<\/li>\n<\/ol>\n<p>&nbsp;<\/p>\n<p>\u9762\u63a5\u3000Entrevista<\/p>\n<p>&nbsp;<\/p>\n<p>WISC\u691c\u67fb\uff0b\u2460 Teste WISC+\u2460<\/p>\n<p>&nbsp;<\/p>\n<p>WISC\u691c\u67fb\uff0b\u2460\uff0b4 Teste WISC +1 +4<\/p>\n<ul>\n<li>\u6291\u3046\u3064\u50be\u5411\u306e\u691c\u67fb\u3000Teste de avalia\u00e7\u00e3o para depress\u00e3o<\/li>\n<li>\u611f\u899a\u306e\u7279\u6027\u306e\u691c\u67fb Teste para avalia\u00e7\u00e3o sensorial<\/li>\n<li>ADHD \u306e\u691c\u67fb. Teste para TDAH (Transtorno do D\u00e9ficit de Aten\u00e7\u00e3o com Hiperatividade)<\/li>\n<li>\u81ea\u9589\u30b9\u30da\u30af\u30c8\u30e9\u30e0\u75c7\u306e\u691c\u67fb Teste para Transtornos do Espectro Autista.<\/li>\n<\/ul>\n<p>&nbsp;<\/p>\n","protected":false},"excerpt":{"rendered":"\u30dd\u30eb\u30c8\u30ac\u30eb\u8a9e\u3067WISC-IV\u3092\u5b9f\u65bd\u3057\u307e\u3059","protected":false},"author":1,"featured_media":0,"parent":0,"menu_order":0,"comment_status":"closed","ping_status":"closed","template":"","meta":{"_monsterinsights_skip_tracking":false,"_monsterinsights_sitenote_active":false,"_monsterinsights_sitenote_note":"","_monsterinsights_sitenote_category":0,"footnotes":""},"class_list":["post-1702","page","type-page","status-publish","hentry"],"aioseo_notices":[],"jetpack_sharing_enabled":true,"_links":{"self":[{"href":"https:\/\/joyfulroom.net\/index.php?rest_route=\/wp\/v2\/pages\/1702","targetHints":{"allow":["GET"]}}],"collection":[{"href":"https:\/\/joyfulroom.net\/index.php?rest_route=\/wp\/v2\/pages"}],"about":[{"href":"https:\/\/joyfulroom.net\/index.php?rest_route=\/wp\/v2\/types\/page"}],"author":[{"embeddable":true,"href":"https:\/\/joyfulroom.net\/index.php?rest_route=\/wp\/v2\/users\/1"}],"replies":[{"embeddable":true,"href":"https:\/\/joyfulroom.net\/index.php?rest_route=%2Fwp%2Fv2%2Fcomments&post=1702"}],"version-history":[{"count":4,"href":"https:\/\/joyfulroom.net\/index.php?rest_route=\/wp\/v2\/pages\/1702\/revisions"}],"predecessor-version":[{"id":1725,"href":"https:\/\/joyfulroom.net\/index.php?rest_route=\/wp\/v2\/pages\/1702\/revisions\/1725"}],"wp:attachment":[{"href":"https:\/\/joyfulroom.net\/index.php?rest_route=%2Fwp%2Fv2%2Fmedia&parent=1702"}],"curies":[{"name":"wp","href":"https:\/\/api.w.org\/{rel}","templated":true}]}}